{"id":79,"date":"2025-12-17T17:47:30","date_gmt":"2025-12-17T17:47:30","guid":{"rendered":"http:\/\/saunamobile39.fr\/?page_id=79"},"modified":"2026-03-03T19:54:29","modified_gmt":"2026-03-03T19:54:29","slug":"mentions-legales","status":"publish","type":"page","link":"https:\/\/saunamobile39.fr\/?page_id=79","title":{"rendered":"Mentions L\u00e9gales"},"content":{"rendered":"\t\t<div data-elementor-type=\"wp-page\" data-elementor-id=\"79\" class=\"elementor elementor-79\">\n\t\t\t\t<div class=\"elementor-element elementor-element-c51aed4 e-con-full e-flex e-con e-parent\" data-id=\"c51aed4\" data-element_type=\"container\">\n\t\t\t\t<div class=\"elementor-element elementor-element-2ce051b elementor-widget elementor-widget-text-editor\" data-id=\"2ce051b\" data-element_type=\"widget\" data-widget_type=\"text-editor.default\">\n\t\t\t\t\t\t\t\t\t<h3 class=\"wp-block-heading\">1) Informations \u00e9diteur<\/h3>\n<p>Editeur :<\/p>\n<p>Marc Pitton<\/p>\n<p>186 chemin de Condamine<\/p>\n<p>39570 MACORMAY<\/p>\n<p>D\u00e9nomination sociale de la soci\u00e9t\u00e9 : Sauna Mobile 39<\/p>\n<p>Email : saunamobile39[@]gmail.com<\/p>\n<p>SIRET : 517 807 228 00054<br>SIREN : 517 807 228<\/p>\n<p><strong>Directeur de la publication :<\/strong><\/p>\n<p>(d\u00e9sign\u00e9 comme le repr\u00e9sentant l\u00e9gal de l\u2019entreprise \u00e9ditrice ou personne juridiquement responsable p\u00e9nalement du site): Marc Pitton<\/p>\n<p><strong>Responsable de la r\u00e9daction \/webmestre :<\/strong><br>(personne qui g\u00e8re la r\u00e9daction et techniquement le site et peut supprimer des donn\u00e9es individuelles sur les visiteurs du site):<\/p>\n<p>contact@desclicsinfo.fr<\/p>\n<h3 class=\"wp-block-heading\">2) Informations h\u00e9bergeur<\/h3>\n<p>H\u00e9bergeur :<br>OVH<br>2 rue Kellermann \u2013 59100 Roubaix \u2013 France.<br>+33 (0)9 72 10 11 12<\/p>\n<h3 class=\"wp-block-heading\">3)Le traitement des donn\u00e9es personnelles<\/h3>\n<p><em>Le site n\u2019a pas pour vocation et ne permet pas de cr\u00e9er un compte<\/em>. Cependant vous pourrez nous contacter par t\u00e9l\u00e9phone ou plus exceptionnellement par Mail. A ce titre les donn\u00e9es que vous nous transmettrez ne serviront qu\u2019au traitement de votre demande. Les informations que vous communiquez sont n\u00e9cessaires pour r\u00e9pondre \u00e0 votre demande et sont destin\u00e9es aux services en charge d\u2019y r\u00e9pondre et \u00e0 des fins de suivi de cette demande.<\/p>\n<h4 class=\"wp-block-heading\">Destinataires des donn\u00e9es<\/h4>\n<p><em>Le destinataire de donn\u00e9es sont le g\u00e9rant.&nbsp;<\/em><\/p>\n<h5 class=\"wp-block-heading\"><strong>Dur\u00e9e de conservation des donn\u00e9es<\/strong><\/h5>\n<p><em>La dur\u00e9e de traitement des donn\u00e9es est limit\u00e9e.<\/em><\/p>\t\t\t\t\t\t\t\t<\/div>\n\t\t\t\t<\/div>\n\t\t\t\t<\/div>\n\t\t","protected":false},"excerpt":{"rendered":"<p>1) Informations \u00e9diteur Editeur : Marc Pitton 186 chemin de Condamine 39570 MACORMAY D\u00e9nomination sociale de la soci\u00e9t\u00e9 : Sauna Mobile 39 Email : saunamobile39[@]gmail.com SIRET : 517 807 228 00054SIREN : 517 807 228 Directeur de la publication : (d\u00e9sign\u00e9 comme le repr\u00e9sentant l\u00e9gal de l\u2019entreprise \u00e9ditrice ou personne [&hellip;]<\/p>\n","protected":false},"author":1,"featured_media":0,"parent":0,"menu_order":0,"comment_status":"closed","ping_status":"closed","template":"","meta":{"_themeisle_gutenberg_block_has_review":false,"footnotes":""},"class_list":["post-79","page","type-page","status-publish","hentry"],"_links":{"self":[{"href":"https:\/\/saunamobile39.fr\/index.php?rest_route=\/wp\/v2\/pages\/79","targetHints":{"allow":["GET"]}}],"collection":[{"href":"https:\/\/saunamobile39.fr\/index.php?rest_route=\/wp\/v2\/pages"}],"about":[{"href":"https:\/\/saunamobile39.fr\/index.php?rest_route=\/wp\/v2\/types\/page"}],"author":[{"embeddable":true,"href":"https:\/\/saunamobile39.fr\/index.php?rest_route=\/wp\/v2\/users\/1"}],"replies":[{"embeddable":true,"href":"https:\/\/saunamobile39.fr\/index.php?rest_route=%2Fwp%2Fv2%2Fcomments&post=79"}],"version-history":[{"count":19,"href":"https:\/\/saunamobile39.fr\/index.php?rest_route=\/wp\/v2\/pages\/79\/revisions"}],"predecessor-version":[{"id":237,"href":"https:\/\/saunamobile39.fr\/index.php?rest_route=\/wp\/v2\/pages\/79\/revisions\/237"}],"wp:attachment":[{"href":"https:\/\/saunamobile39.fr\/index.php?rest_route=%2Fwp%2Fv2%2Fmedia&parent=79"}],"curies":[{"name":"wp","href":"https:\/\/api.w.org\/{rel}","templated":true}]}}