{"id":63,"date":"2025-12-17T17:39:48","date_gmt":"2025-12-17T17:39:48","guid":{"rendered":"http:\/\/saunamobile39.fr\/?page_id=63"},"modified":"2026-03-03T19:57:17","modified_gmt":"2026-03-03T19:57:17","slug":"le-concept","status":"publish","type":"page","link":"https:\/\/saunamobile39.fr\/?page_id=63","title":{"rendered":"Le Concept"},"content":{"rendered":"\t\t<div data-elementor-type=\"wp-page\" data-elementor-id=\"63\" class=\"elementor elementor-63\">\n\t\t\t\t<div class=\"elementor-element elementor-element-901f949 e-flex e-con-boxed e-con e-parent\" data-id=\"901f949\" data-element_type=\"container\">\n\t\t\t\t\t<div class=\"e-con-inner\">\n\t\t\t\t<div class=\"elementor-element elementor-element-164eb52 elementor-widget elementor-widget-heading\" data-id=\"164eb52\" data-element_type=\"widget\" data-widget_type=\"heading.default\">\n\t\t\t\t\t<h2 class=\"elementor-heading-title elementor-size-default\">Sauna Moon : une exp\u00e9rience originale et insolite <\/h2>\t\t\t\t<\/div>\n\t\t\t\t<div class=\"elementor-element elementor-element-4cd5e38 elementor-widget elementor-widget-text-editor\" data-id=\"4cd5e38\" data-element_type=\"widget\" data-widget_type=\"text-editor.default\">\n\t\t\t\t\t\t\t\t\t<p>D\u00e9couvrez le Sauna Moon, un sauna en forme de tonneau en c\u00e8dre rouge canadien de haute qualit\u00e9, fabriqu\u00e9 en Haute-Savoie.<\/p><p>Con\u00e7u pour offrir confort, intimit\u00e9 et exp\u00e9rience bien-\u00eatre unique, il est enti\u00e8rement mobile et peut \u00eatre install\u00e9 dans votre jardin ou tout autre lieu s\u00e9curis\u00e9.<\/p><p>Avoir un sauna \u00e0 domicile permet de se relaxer \u00e0 tout moment, selon ses envies, et de cr\u00e9er des instants uniques de bien-\u00eatre. C\u2019est \u00e9galement l\u2019occasion de partager des moments conviviaux et m\u00e9morables avec ses amis, dans un cadre intimiste et personnalis\u00e9.<\/p>\t\t\t\t\t\t\t\t<\/div>\n\t\t<div class=\"elementor-element elementor-element-a4448ff e-grid e-con-full e-con e-child\" data-id=\"a4448ff\" data-element_type=\"container\">\n\t\t\t\t<div class=\"elementor-element elementor-element-bd6ad3a elementor-widget elementor-widget-image\" data-id=\"bd6ad3a\" data-element_type=\"widget\" data-widget_type=\"image.default\">\n\t\t\t\t\t\t\t\t\t\t\t\t\t\t\t<img fetchpriority=\"high\" decoding=\"async\" width=\"750\" height=\"1000\" src=\"https:\/\/saunamobile39.fr\/wp-content\/uploads\/2026\/03\/WhatsApp-Image-2026-02-18-at-16.23.43-4-768x1024.jpeg\" class=\"attachment-large size-large wp-image-172\" alt=\"\" srcset=\"https:\/\/saunamobile39.fr\/wp-content\/uploads\/2026\/03\/WhatsApp-Image-2026-02-18-at-16.23.43-4-768x1024.jpeg 768w, https:\/\/saunamobile39.fr\/wp-content\/uploads\/2026\/03\/WhatsApp-Image-2026-02-18-at-16.23.43-4-225x300.jpeg 225w, https:\/\/saunamobile39.fr\/wp-content\/uploads\/2026\/03\/WhatsApp-Image-2026-02-18-at-16.23.43-4-1152x1536.jpeg 1152w, https:\/\/saunamobile39.fr\/wp-content\/uploads\/2026\/03\/WhatsApp-Image-2026-02-18-at-16.23.43-4.jpeg 1200w\" sizes=\"(max-width: 750px) 100vw, 750px\" \/>\t\t\t\t\t\t\t\t\t\t\t\t\t\t\t<\/div>\n\t\t\t\t<div class=\"elementor-element elementor-element-22a0d18 elementor-widget elementor-widget-image\" data-id=\"22a0d18\" data-element_type=\"widget\" data-widget_type=\"image.default\">\n\t\t\t\t\t\t\t\t\t\t\t\t\t\t\t<img decoding=\"async\" width=\"750\" height=\"1000\" src=\"https:\/\/saunamobile39.fr\/wp-content\/uploads\/2026\/03\/WhatsApp-Image-2026-02-18-at-16.23.48-4-768x1024.jpeg\" class=\"attachment-large size-large wp-image-212\" alt=\"\" srcset=\"https:\/\/saunamobile39.fr\/wp-content\/uploads\/2026\/03\/WhatsApp-Image-2026-02-18-at-16.23.48-4-768x1024.jpeg 768w, https:\/\/saunamobile39.fr\/wp-content\/uploads\/2026\/03\/WhatsApp-Image-2026-02-18-at-16.23.48-4-225x300.jpeg 225w, https:\/\/saunamobile39.fr\/wp-content\/uploads\/2026\/03\/WhatsApp-Image-2026-02-18-at-16.23.48-4-1152x1536.jpeg 1152w, https:\/\/saunamobile39.fr\/wp-content\/uploads\/2026\/03\/WhatsApp-Image-2026-02-18-at-16.23.48-4.jpeg 1200w\" sizes=\"(max-width: 750px) 100vw, 750px\" \/>\t\t\t\t\t\t\t\t\t\t\t\t\t\t\t<\/div>\n\t\t\t\t<div class=\"elementor-element elementor-element-f95b454 elementor-widget elementor-widget-image\" data-id=\"f95b454\" data-element_type=\"widget\" data-widget_type=\"image.default\">\n\t\t\t\t\t\t\t\t\t\t\t\t\t\t\t<img decoding=\"async\" width=\"750\" height=\"1000\" src=\"https:\/\/saunamobile39.fr\/wp-content\/uploads\/2026\/03\/WhatsApp-Image-2026-02-18-at-16.23.48-5-768x1024.jpeg\" class=\"attachment-large size-large wp-image-210\" alt=\"\" srcset=\"https:\/\/saunamobile39.fr\/wp-content\/uploads\/2026\/03\/WhatsApp-Image-2026-02-18-at-16.23.48-5-768x1024.jpeg 768w, https:\/\/saunamobile39.fr\/wp-content\/uploads\/2026\/03\/WhatsApp-Image-2026-02-18-at-16.23.48-5-225x300.jpeg 225w, https:\/\/saunamobile39.fr\/wp-content\/uploads\/2026\/03\/WhatsApp-Image-2026-02-18-at-16.23.48-5-1152x1536.jpeg 1152w, https:\/\/saunamobile39.fr\/wp-content\/uploads\/2026\/03\/WhatsApp-Image-2026-02-18-at-16.23.48-5.jpeg 1200w\" sizes=\"(max-width: 750px) 100vw, 750px\" \/>\t\t\t\t\t\t\t\t\t\t\t\t\t\t\t<\/div>\n\t\t\t\t<\/div>\n\t\t\t\t\t<\/div>\n\t\t\t\t<\/div>\n\t\t<div class=\"elementor-element elementor-element-8eb09f4 e-flex e-con-boxed e-con e-parent\" data-id=\"8eb09f4\" data-element_type=\"container\">\n\t\t\t\t\t<div class=\"e-con-inner\">\n\t\t\t\t<div class=\"elementor-element elementor-element-3f77143 elementor-widget elementor-widget-text-editor\" data-id=\"3f77143\" data-element_type=\"widget\" data-widget_type=\"text-editor.default\">\n\t\t\t\t\t\t\t\t\t<p><strong>Caract\u00e9ristiques du Sauna Moon :<\/strong><\/p><ul><li><strong>Design unique en tonneau<\/strong> pour une exp\u00e9rience chaleureuse et conviviale<\/li><li><strong>Compl\u00e8tement autonome<\/strong><\/li><li><strong>Capacit\u00e9 <\/strong>maximale de 6 personnes<\/li><li><strong>Po\u00eale \u00e0 bois <\/strong>Harvia haut de gamme pour une chaleur agr\u00e9able et homog\u00e8ne, il faut environ 45 minutes de temps de chauffe pour atteindre 60\u00a0\/ 80 degr\u00e9s. La mise en route et aussi simple que d\u2019allumer un barbecue\u00a0!<\/li><li><strong>Demi-vitre <\/strong>au fond du sauna avec lumi\u00e8re naturelle pour baigner dans une ambiance apaisante.<\/li><li><strong>LED <\/strong>(batterie 12 volts) int\u00e9gr\u00e9es dans le sauna, le vestiaire et la douche pour une atmosph\u00e8re relaxante.<\/li><li><strong>Vestiaire<\/strong> circulaire en bois pour votre intimit\u00e9.<\/li><li><strong>Douche <\/strong>circulaire en bois avec son seau basculant\u00a0 (r\u00e9serve d\u2019eau environ 220 l)<\/li><li><strong>Remorque mobile<\/strong> : 7 m x 2 m, hauteur 3,1 m<\/li><li style=\"list-style-type: none;\"><ul><\/ul><\/li><\/ul>\t\t\t\t\t\t\t\t<\/div>\n\t\t\t\t\t<\/div>\n\t\t\t\t<\/div>\n\t\t<div class=\"elementor-element elementor-element-aabfcb2 e-flex e-con-boxed e-con e-parent\" data-id=\"aabfcb2\" data-element_type=\"container\">\n\t\t\t\t\t<div class=\"e-con-inner\">\n\t\t<div class=\"elementor-element elementor-element-488291b e-grid e-con-full e-con e-child\" data-id=\"488291b\" data-element_type=\"container\">\n\t\t\t\t<div class=\"elementor-element elementor-element-cb85991 elementor-widget elementor-widget-image\" data-id=\"cb85991\" data-element_type=\"widget\" data-widget_type=\"image.default\">\n\t\t\t\t\t\t\t\t\t\t\t\t\t\t\t<img loading=\"lazy\" decoding=\"async\" width=\"750\" height=\"1000\" src=\"https:\/\/saunamobile39.fr\/wp-content\/uploads\/2026\/03\/WhatsApp-Image-2026-02-18-at-16.23.48-3-768x1024.jpeg\" class=\"attachment-large size-large wp-image-188\" alt=\"\" srcset=\"https:\/\/saunamobile39.fr\/wp-content\/uploads\/2026\/03\/WhatsApp-Image-2026-02-18-at-16.23.48-3-768x1024.jpeg 768w, https:\/\/saunamobile39.fr\/wp-content\/uploads\/2026\/03\/WhatsApp-Image-2026-02-18-at-16.23.48-3-225x300.jpeg 225w, https:\/\/saunamobile39.fr\/wp-content\/uploads\/2026\/03\/WhatsApp-Image-2026-02-18-at-16.23.48-3-1152x1536.jpeg 1152w, https:\/\/saunamobile39.fr\/wp-content\/uploads\/2026\/03\/WhatsApp-Image-2026-02-18-at-16.23.48-3.jpeg 1200w\" sizes=\"(max-width: 750px) 100vw, 750px\" \/>\t\t\t\t\t\t\t\t\t\t\t\t\t\t\t<\/div>\n\t\t\t\t<div class=\"elementor-element elementor-element-b8a2b27 elementor-widget elementor-widget-text-editor\" data-id=\"b8a2b27\" data-element_type=\"widget\" data-widget_type=\"text-editor.default\">\n\t\t\t\t\t\t\t\t\t<p><strong>Bienfaits et relaxation :<\/strong><\/p><p>Le Sauna Moon n\u2019est pas seulement un moment de d\u00e9tente : il offre de nombreux avantages pour la sant\u00e9.<\/p><ul><li><strong>R\u00e9cup\u00e9ration musculaire et relaxation profonde<\/strong> apr\u00e8s le sport ou une journ\u00e9e charg\u00e9e, d\u00e9tente des muscles et \u00e9limination des toxines.<\/li><li><strong>D\u00e9toxification et am\u00e9lioration de la circulation sanguine <\/strong>gr\u00e2ce \u00e0 la chaleur qui dilate les vaisseaux sanguins.<\/li><li><strong>R\u00e9duction du stress et am\u00e9lioration du sommeil <\/strong>la chaleur d\u00e9clenche la s\u00e9cr\u00e9tion d\u2019endorphine.<\/li><li><strong>Aromath\u00e9rapie<\/strong> possible gr\u00e2ce \u00e0 l\u2019utilisation d\u2019huiles essentielles.<\/li><li><strong>Contre-indications de sant\u00e9<\/strong> consulter un professionnel de sant\u00e9 cas de doute l\u2019utilisation du sauna est fortement d\u00e9conseill\u00e9e, voire interdite aux personnes dans les situations suivantes : maladies cardiaques, probl\u00e8mes de tension art\u00e9rielle, troubles circulatoires et respiratoires graves, grossesse, fi\u00e8vre ou infections aigu\u00ebs, moins de 18 ans sans surveillance parentale, consommation d\u2019alcool, drogues ou certains m\u00e9dicaments\u2026<\/li><\/ul>\t\t\t\t\t\t\t\t<\/div>\n\t\t\t\t<\/div>\n\t\t\t\t<div class=\"elementor-element elementor-element-4b649be elementor-widget elementor-widget-text-editor\" data-id=\"4b649be\" data-element_type=\"widget\" data-widget_type=\"text-editor.default\">\n\t\t\t\t\t\t\t\t\t<p><strong>Moments conviviaux et \u00e9v\u00e9nements :<\/strong><\/p><p>Id\u00e9al pour <strong>partager des moments entre amis ou en famille<\/strong>, le Sauna Moon transforme n\u2019importe quel espace en <strong>lieu de d\u00e9tente et de convivialit\u00e9<\/strong>. Que ce soit pour :<\/p><ul><li>Une soir\u00e9e relaxante<\/li><li>Un moment festif ou un \u00e9v\u00e9nement priv\u00e9<\/li><li>Une pause bien-\u00eatre quotidienne<\/li><\/ul>\t\t\t\t\t\t\t\t<\/div>\n\t\t\t\t<div class=\"elementor-element elementor-element-85b4bf8 elementor-widget elementor-widget-image\" data-id=\"85b4bf8\" data-element_type=\"widget\" data-widget_type=\"image.default\">\n\t\t\t\t\t\t\t\t\t\t\t\t\t\t\t<img loading=\"lazy\" decoding=\"async\" width=\"1304\" height=\"701\" src=\"https:\/\/saunamobile39.fr\/wp-content\/uploads\/2026\/03\/WhatsApp-Image-2026-02-18-at-16.23.46-2.jpg\" class=\"attachment-full size-full wp-image-202\" alt=\"\" srcset=\"https:\/\/saunamobile39.fr\/wp-content\/uploads\/2026\/03\/WhatsApp-Image-2026-02-18-at-16.23.46-2.jpg 1304w, https:\/\/saunamobile39.fr\/wp-content\/uploads\/2026\/03\/WhatsApp-Image-2026-02-18-at-16.23.46-2-300x161.jpg 300w, https:\/\/saunamobile39.fr\/wp-content\/uploads\/2026\/03\/WhatsApp-Image-2026-02-18-at-16.23.46-2-1024x550.jpg 1024w, https:\/\/saunamobile39.fr\/wp-content\/uploads\/2026\/03\/WhatsApp-Image-2026-02-18-at-16.23.46-2-768x413.jpg 768w\" sizes=\"(max-width: 1304px) 100vw, 1304px\" \/>\t\t\t\t\t\t\t\t\t\t\t\t\t\t\t<\/div>\n\t\t\t\t\t<\/div>\n\t\t\t\t<\/div>\n\t\t<div class=\"elementor-element elementor-element-c817f0c e-flex e-con-boxed e-con e-parent\" data-id=\"c817f0c\" data-element_type=\"container\">\n\t\t\t\t\t<div class=\"e-con-inner\">\n\t\t\t\t<div class=\"elementor-element elementor-element-32d2cab elementor-widget elementor-widget-text-editor\" data-id=\"32d2cab\" data-element_type=\"widget\" data-widget_type=\"text-editor.default\">\n\t\t\t\t\t\t\t\t\t<p><strong>\u00a0 Un Service complet<\/strong><\/p><p><\/p><ul><li>Livraison, installation et mise en s\u00e9curit\u00e9<\/li><li>Mode d\u2019emploi fourni\/mise en route du feu sur demande<\/li><li>Installation possible dans votre jardin ou tout autre lieu s\u00e9curis\u00e9.<\/li><\/ul><p>Avec le Sauna Moon, profitez d\u2019une exp\u00e9rience unique de bien-\u00eatre, alliant confort, intimit\u00e9, sant\u00e9 et convivialit\u00e9, directement chez vous.<\/p>\t\t\t\t\t\t\t\t<\/div>\n\t\t<div class=\"elementor-element elementor-element-5a10c1f e-grid e-con-full e-con e-child\" data-id=\"5a10c1f\" data-element_type=\"container\">\n\t\t\t\t<\/div>\n\t\t\t\t\t<\/div>\n\t\t\t\t<\/div>\n\t\t\t\t<\/div>\n\t\t","protected":false},"excerpt":{"rendered":"<p>Sauna Moon : une exp\u00e9rience originale et insolite D\u00e9couvrez le Sauna Moon, un sauna en forme de tonneau en c\u00e8dre rouge canadien de haute qualit\u00e9, fabriqu\u00e9 en Haute-Savoie. Con\u00e7u pour offrir confort, intimit\u00e9 et exp\u00e9rience bien-\u00eatre unique, il est enti\u00e8rement mobile et peut \u00eatre install\u00e9 dans votre jardin ou tout [&hellip;]<\/p>\n","protected":false},"author":1,"featured_media":0,"parent":0,"menu_order":0,"comment_status":"closed","ping_status":"closed","template":"page-templates\/template-pagebuilder-full-width.php","meta":{"_themeisle_gutenberg_block_has_review":false,"footnotes":""},"class_list":["post-63","page","type-page","status-publish","hentry"],"_links":{"self":[{"href":"https:\/\/saunamobile39.fr\/index.php?rest_route=\/wp\/v2\/pages\/63","targetHints":{"allow":["GET"]}}],"collection":[{"href":"https:\/\/saunamobile39.fr\/index.php?rest_route=\/wp\/v2\/pages"}],"about":[{"href":"https:\/\/saunamobile39.fr\/index.php?rest_route=\/wp\/v2\/types\/page"}],"author":[{"embeddable":true,"href":"https:\/\/saunamobile39.fr\/index.php?rest_route=\/wp\/v2\/users\/1"}],"replies":[{"embeddable":true,"href":"https:\/\/saunamobile39.fr\/index.php?rest_route=%2Fwp%2Fv2%2Fcomments&post=63"}],"version-history":[{"count":47,"href":"https:\/\/saunamobile39.fr\/index.php?rest_route=\/wp\/v2\/pages\/63\/revisions"}],"predecessor-version":[{"id":240,"href":"https:\/\/saunamobile39.fr\/index.php?rest_route=\/wp\/v2\/pages\/63\/revisions\/240"}],"wp:attachment":[{"href":"https:\/\/saunamobile39.fr\/index.php?rest_route=%2Fwp%2Fv2%2Fmedia&parent=63"}],"curies":[{"name":"wp","href":"https:\/\/api.w.org\/{rel}","templated":true}]}}